{"id":13611,"date":"2020-04-13T22:21:39","date_gmt":"2020-04-13T20:21:39","guid":{"rendered":"https:\/\/watercarefilters.it\/?page_id=13611"},"modified":"2026-02-11T12:27:52","modified_gmt":"2026-02-11T11:27:52","slug":"contatti","status":"publish","type":"page","link":"https:\/\/watercarefilters.it\/en\/contatti\/","title":{"rendered":"Contatti"},"content":{"rendered":"<div data-elementor-type=\"wp-page\" data-elementor-id=\"13611\" class=\"elementor elementor-13611\" data-elementor-settings=\"{&quot;element_pack_global_tooltip_width&quot;:{&quot;unit&quot;:&quot;px&quot;,&quot;size&quot;:&quot;&quot;,&quot;sizes&quot;:[]},&quot;element_pack_global_tooltip_width_widescreen&quot;:{&quot;unit&quot;:&quot;px&quot;,&quot;size&quot;:&quot;&quot;,&quot;sizes&quot;:[]},&quot;element_pack_global_tooltip_width_laptop&quot;:{&quot;unit&quot;:&quot;px&quot;,&quot;size&quot;:&quot;&quot;,&quot;sizes&quot;:[]},&quot;element_pack_global_tooltip_width_tablet_extra&quot;:{&quot;unit&quot;:&quot;px&quot;,&quot;size&quot;:&quot;&quot;,&quot;sizes&quot;:[]},&quot;element_pack_global_tooltip_width_tablet&quot;:{&quot;unit&quot;:&quot;px&quot;,&quot;size&quot;:&quot;&quot;,&quot;sizes&quot;:[]},&quot;element_pack_global_tooltip_width_mobile_extra&quot;:{&quot;unit&quot;:&quot;px&quot;,&quot;size&quot;:&quot;&quot;,&quot;sizes&quot;:[]},&quot;element_pack_global_tooltip_width_mobile&quot;:{&quot;unit&quot;:&quot;px&quot;,&quot;size&quot;:&quot;&quot;,&quot;sizes&quot;:[]},&quot;element_pack_global_tooltip_padding&quot;:{&quot;unit&quot;:&quot;px&quot;,&quot;top&quot;:&quot;&quot;,&quot;right&quot;:&quot;&quot;,&quot;bottom&quot;:&quot;&quot;,&quot;left&quot;:&quot;&quot;,&quot;isLinked&quot;:true},&quot;element_pack_global_tooltip_padding_widescreen&quot;:{&quot;unit&quot;:&quot;px&quot;,&quot;top&quot;:&quot;&quot;,&quot;right&quot;:&quot;&quot;,&quot;bottom&quot;:&quot;&quot;,&quot;left&quot;:&quot;&quot;,&quot;isLinked&quot;:true},&quot;element_pack_global_tooltip_padding_laptop&quot;:{&quot;unit&quot;:&quot;px&quot;,&quot;top&quot;:&quot;&quot;,&quot;right&quot;:&quot;&quot;,&quot;bottom&quot;:&quot;&quot;,&quot;left&quot;:&quot;&quot;,&quot;isLinked&quot;:true},&quot;element_pack_global_tooltip_padding_tablet_extra&quot;:{&quot;unit&quot;:&quot;px&quot;,&quot;top&quot;:&quot;&quot;,&quot;right&quot;:&quot;&quot;,&quot;bottom&quot;:&quot;&quot;,&quot;left&quot;:&quot;&quot;,&quot;isLinked&quot;:true},&quot;element_pack_global_tooltip_padding_tablet&quot;:{&quot;unit&quot;:&quot;px&quot;,&quot;top&quot;:&quot;&quot;,&quot;right&quot;:&quot;&quot;,&quot;bottom&quot;:&quot;&quot;,&quot;left&quot;:&quot;&quot;,&quot;isLinked&quot;:true},&quot;element_pack_global_tooltip_padding_mobile_extra&quot;:{&quot;unit&quot;:&quot;px&quot;,&quot;top&quot;:&quot;&quot;,&quot;right&quot;:&quot;&quot;,&quot;bottom&quot;:&quot;&quot;,&quot;left&quot;:&quot;&quot;,&quot;isLinked&quot;:true},&quot;element_pack_global_tooltip_padding_mobile&quot;:{&quot;unit&quot;:&quot;px&quot;,&quot;top&quot;:&quot;&quot;,&quot;right&quot;:&quot;&quot;,&quot;bottom&quot;:&quot;&quot;,&quot;left&quot;:&quot;&quot;,&quot;isLinked&quot;:true},&quot;element_pack_global_tooltip_border_radius&quot;:{&quot;unit&quot;:&quot;px&quot;,&quot;top&quot;:&quot;&quot;,&quot;right&quot;:&quot;&quot;,&quot;bottom&quot;:&quot;&quot;,&quot;left&quot;:&quot;&quot;,&quot;isLinked&quot;:true},&quot;element_pack_global_tooltip_border_radius_widescreen&quot;:{&quot;unit&quot;:&quot;px&quot;,&quot;top&quot;:&quot;&quot;,&quot;right&quot;:&quot;&quot;,&quot;bottom&quot;:&quot;&quot;,&quot;left&quot;:&quot;&quot;,&quot;isLinked&quot;:true},&quot;element_pack_global_tooltip_border_radius_laptop&quot;:{&quot;unit&quot;:&quot;px&quot;,&quot;top&quot;:&quot;&quot;,&quot;right&quot;:&quot;&quot;,&quot;bottom&quot;:&quot;&quot;,&quot;left&quot;:&quot;&quot;,&quot;isLinked&quot;:true},&quot;element_pack_global_tooltip_border_radius_tablet_extra&quot;:{&quot;unit&quot;:&quot;px&quot;,&quot;top&quot;:&quot;&quot;,&quot;right&quot;:&quot;&quot;,&quot;bottom&quot;:&quot;&quot;,&quot;left&quot;:&quot;&quot;,&quot;isLinked&quot;:true},&quot;element_pack_global_tooltip_border_radius_tablet&quot;:{&quot;unit&quot;:&quot;px&quot;,&quot;top&quot;:&quot;&quot;,&quot;right&quot;:&quot;&quot;,&quot;bottom&quot;:&quot;&quot;,&quot;left&quot;:&quot;&quot;,&quot;isLinked&quot;:true},&quot;element_pack_global_tooltip_border_radius_mobile_extra&quot;:{&quot;unit&quot;:&quot;px&quot;,&quot;top&quot;:&quot;&quot;,&quot;right&quot;:&quot;&quot;,&quot;bottom&quot;:&quot;&quot;,&quot;left&quot;:&quot;&quot;,&quot;isLinked&quot;:true},&quot;element_pack_global_tooltip_border_radius_mobile&quot;:{&quot;unit&quot;:&quot;px&quot;,&quot;top&quot;:&quot;&quot;,&quot;right&quot;:&quot;&quot;,&quot;bottom&quot;:&quot;&quot;,&quot;left&quot;:&quot;&quot;,&quot;isLinked&quot;:true}}\" data-elementor-post-type=\"page\">\n\t\t\t\t\t\t<section data-particle_enable=\"false\" data-particle-mobile-disabled=\"false\" class=\"elementor-section elementor-top-section elementor-element elementor-element-615c405 elementor-section-boxed elementor-section-height-default elementor-section-height-default\" data-id=\"615c405\" data-element_type=\"section\" data-e-type=\"section\">\n\t\t\t\t\t\t<div class=\"elementor-container elementor-column-gap-no\">\n\t\t\t\t\t<div class=\"elementor-column elementor-col-100 elementor-top-column elementor-element elementor-element-5f65b29\" data-id=\"5f65b29\" data-element_type=\"column\" data-e-type=\"column\">\n\t\t\t<div class=\"elementor-widget-wrap elementor-element-populated\">\n\t\t\t\t\t\t<div class=\"elementor-element elementor-element-7d2d069 lte-contacts-icons elementor-widget elementor-widget-lte-icons\" data-id=\"7d2d069\" data-element_type=\"widget\" data-e-type=\"widget\" data-widget_type=\"lte-icons.default\">\n\t\t\t\t<div class=\"elementor-widget-container\">\n\t\t\t\t\t<ul class=\"lte-block-icon has-descr  icons-count-4 lte-icon-space-md lte-icon-shape-circle lte-icon-background-second lte-icon-border-disabled lte-icon-color-white lte-icon-divider-dashed lte-icon-inner-padding-no lte-icon-padding-disabled lte-icon-size-small lte-header-color-second lte-icon-type-top lte-icon-align- layout-cols4 lte-additional-disabled\"><li class=\"col-lg-3 col-md-3 col-sm-6 col-ms-6 col-xs-6\"><div   class=\"lte-inner\"><i aria-hidden=\"true\" class=\"icon icon-pin\"><\/i><span class=\"lte-icon-content\"> <span class=\"lte-header lte-h6\"> Address <\/span> <span class=\"lte-descr\">Via Lidi Ferraresi, 22\/A-B<br \/>\n44027 Loc. Migliarino - Fiscaglia (FE) Italy<\/span><\/span><\/div><\/li><li class=\"col-lg-3 col-md-3 col-sm-6 col-ms-6 col-xs-6\"><div   class=\"lte-inner\"><i aria-hidden=\"true\" class=\"icon icon-phone-call\"><\/i><span class=\"lte-icon-content\"> <span class=\"lte-header lte-h6\"> Phone <\/span> <span class=\"lte-descr\">+39 0533 539977<\/span><\/span><\/div><\/li><li class=\"col-lg-3 col-md-3 col-sm-6 col-ms-6 col-xs-6\"><div   class=\"lte-inner\"><i aria-hidden=\"true\" class=\"icon icon-mail\"><\/i><span class=\"lte-icon-content\"> <span class=\"lte-header lte-h6\"> Email <\/span> <span class=\"lte-descr\"><a href=\"mailto:info@watercarefilters.it\">info@watercarefilters.it<\/a><\/span><\/span><\/div><\/li><li class=\"col-lg-3 col-md-3 col-sm-6 col-ms-6 col-xs-6\"><div   class=\"lte-inner\"><i aria-hidden=\"true\" class=\"icon icon-clock-2\"><\/i><span class=\"lte-icon-content\"> <span class=\"lte-header lte-h6\"> Opening hours <\/span> <span class=\"lte-descr\">Monday - Friday<br \/>\n8:00 - 16:30<\/span><\/span><\/div><\/li><\/ul>\t\t\t\t<\/div>\n\t\t\t\t<\/div>\n\t\t\t\t<div class=\"elementor-element elementor-element-6daf844 elementor-widget elementor-widget-spacer\" data-id=\"6daf844\" data-element_type=\"widget\" data-e-type=\"widget\" data-widget_type=\"spacer.default\">\n\t\t\t\t<div class=\"elementor-widget-container\">\n\t\t\t\t\t\t\t<div class=\"elementor-spacer\">\n\t\t\t<div class=\"elementor-spacer-inner\"><\/div>\n\t\t<\/div>\n\t\t\t\t\t\t<\/div>\n\t\t\t\t<\/div>\n\t\t\t\t\t<\/div>\n\t\t<\/div>\n\t\t\t\t\t<\/div>\n\t\t<\/section>\n\t\t\t\t<section data-particle_enable=\"false\" data-particle-mobile-disabled=\"false\" class=\"elementor-section elementor-top-section elementor-element elementor-element-0637fe6 elementor-section-boxed elementor-section-height-default elementor-section-height-default\" data-id=\"0637fe6\" data-element_type=\"section\" data-e-type=\"section\" id=\"contatti\">\n\t\t\t\t\t\t<div class=\"elementor-container elementor-column-gap-default\">\n\t\t\t\t\t<div class=\"elementor-column elementor-col-100 elementor-top-column elementor-element elementor-element-5f5bad5\" data-id=\"5f5bad5\" data-element_type=\"column\" data-e-type=\"column\" data-settings=\"{&quot;background_background&quot;:&quot;classic&quot;}\">\n\t\t\t<div class=\"elementor-widget-wrap elementor-element-populated\">\n\t\t\t\t\t\t<div class=\"elementor-element elementor-element-ed10cfb elementor-widget elementor-widget-spacer\" data-id=\"ed10cfb\" data-element_type=\"widget\" data-e-type=\"widget\" data-widget_type=\"spacer.default\">\n\t\t\t\t<div class=\"elementor-widget-container\">\n\t\t\t\t\t\t\t<div class=\"elementor-spacer\">\n\t\t\t<div class=\"elementor-spacer-inner\"><\/div>\n\t\t<\/div>\n\t\t\t\t\t\t<\/div>\n\t\t\t\t<\/div>\n\t\t\t\t<div class=\"elementor-element elementor-element-c76a175 lte-heading-style-header-dash elementor-widget elementor-widget-lte-header\" data-id=\"c76a175\" data-element_type=\"widget\" data-e-type=\"widget\" data-widget_type=\"lte-header.default\">\n\t\t\t\t<div class=\"elementor-widget-container\">\n\t\t\t\t\t<div class=\"lte-heading lte-style-header-dash lte-color-white lte-subcolor-white heading-tag-h4 heading-subtag-h6\"><div class=\"lte-heading-content\"><h4 class=\"lte-header\">Questions? Write to us<\/h4><\/div><\/div>\t\t\t\t<\/div>\n\t\t\t\t<\/div>\n\t\t\t\t<div class=\"elementor-element elementor-element-89ff2b2 elementor-widget elementor-widget-text-editor\" data-id=\"89ff2b2\" data-element_type=\"widget\" data-e-type=\"widget\" data-widget_type=\"text-editor.default\">\n\t\t\t\t<div class=\"elementor-widget-container\">\n\t\t\t\t\t\t\t\t\t<p>Fill out the form below to receive information. We will contact you as soon as possible!<\/p>\t\t\t\t\t\t\t\t<\/div>\n\t\t\t\t<\/div>\n\t\t\t\t<div class=\"elementor-element elementor-element-543c93a elementor-button-align-stretch elementor-widget elementor-widget-form\" data-id=\"543c93a\" data-element_type=\"widget\" data-e-type=\"widget\" data-settings=\"{&quot;step_next_label&quot;:&quot;Next&quot;,&quot;step_previous_label&quot;:&quot;Previous&quot;,&quot;button_width&quot;:&quot;100&quot;,&quot;step_type&quot;:&quot;number_text&quot;,&quot;step_icon_shape&quot;:&quot;circle&quot;}\" data-widget_type=\"form.default\">\n\t\t\t\t<div class=\"elementor-widget-container\">\n\t\t\t\t\t\t\t<form class=\"elementor-form\" method=\"post\" name=\"Contatti\" aria-label=\"Contatti\" action=\"\">\n\t\t\t<input type=\"hidden\" name=\"post_id\" value=\"13611\"\/>\n\t\t\t<input type=\"hidden\" name=\"form_id\" value=\"543c93a\"\/>\n\t\t\t<input type=\"hidden\" name=\"referer_title\" value=\"Contatti - WaterCareFilters\" \/>\n\n\t\t\t\t\t\t\t<input type=\"hidden\" name=\"queried_id\" value=\"13611\"\/>\n\t\t\t\n\t\t\t<div class=\"elementor-form-fields-wrapper elementor-labels-above\">\n\t\t\t\t\t\t\t\t<div class=\"elementor-field-type-text elementor-field-group elementor-column elementor-field-group-nome elementor-col-100 elementor-field-required elementor-mark-required\">\n\t\t\t\t\t\t\t\t\t\t\t\t<label for=\"form-field-nome\" class=\"elementor-field-label\">\n\t\t\t\t\t\t\t\tName\t\t\t\t\t\t\t<\/label>\n\t\t\t\t\t\t\t\t\t\t\t\t\t\t<input size=\"1\" type=\"text\" name=\"form_fields[nome]\" id=\"form-field-nome\" class=\"elementor-field elementor-size-md  elementor-field-textual\" required=\"required\">\n\t\t\t\t\t\t\t\t\t\t\t<\/div>\n\t\t\t\t\t\t\t\t<div class=\"elementor-field-type-email elementor-field-group elementor-column elementor-field-group-email elementor-col-100 elementor-field-required elementor-mark-required\">\n\t\t\t\t\t\t\t\t\t\t\t\t<label for=\"form-field-email\" class=\"elementor-field-label\">\n\t\t\t\t\t\t\t\tEmail\t\t\t\t\t\t\t<\/label>\n\t\t\t\t\t\t\t\t\t\t\t\t\t\t<input size=\"1\" type=\"email\" name=\"form_fields[email]\" id=\"form-field-email\" class=\"elementor-field elementor-size-md  elementor-field-textual\" required=\"required\">\n\t\t\t\t\t\t\t\t\t\t\t<\/div>\n\t\t\t\t\t\t\t\t<div class=\"elementor-field-type-tel elementor-field-group elementor-column elementor-field-group-telefono elementor-col-100 elementor-field-required elementor-mark-required\">\n\t\t\t\t\t\t\t\t\t\t\t\t<label for=\"form-field-telefono\" class=\"elementor-field-label\">\n\t\t\t\t\t\t\t\tPhone\t\t\t\t\t\t\t<\/label>\n\t\t\t\t\t\t\t\t<input size=\"1\" type=\"tel\" name=\"form_fields[telefono]\" id=\"form-field-telefono\" class=\"elementor-field elementor-size-md  elementor-field-textual\" required=\"required\" pattern=\"[0-9()#&amp;+*-=.]+\" title=\"Only numbers and phone characters (#, -, *, etc) are accepted.\" data-no-translation-title=\"\">\n\n\t\t\t\t\t\t<\/div>\n\t\t\t\t\t\t\t\t<div class=\"elementor-field-type-text elementor-field-group elementor-column elementor-field-group-azienda elementor-col-100\">\n\t\t\t\t\t\t\t\t\t\t\t\t<label for=\"form-field-azienda\" class=\"elementor-field-label\">\n\t\t\t\t\t\t\t\tCompany\t\t\t\t\t\t\t<\/label>\n\t\t\t\t\t\t\t\t\t\t\t\t\t\t<input size=\"1\" type=\"text\" name=\"form_fields[azienda]\" id=\"form-field-azienda\" class=\"elementor-field elementor-size-md  elementor-field-textual\">\n\t\t\t\t\t\t\t\t\t\t\t<\/div>\n\t\t\t\t\t\t\t\t<div class=\"elementor-field-type-select elementor-field-group elementor-column elementor-field-group-prodotto elementor-col-100\">\n\t\t\t\t\t\t\t\t\t\t\t\t<label for=\"form-field-prodotto\" class=\"elementor-field-label\">\n\t\t\t\t\t\t\t\tProduct (optional)\t\t\t\t\t\t\t<\/label>\n\t\t\t\t\t\t\t\t<div class=\"elementor-field elementor-select-wrapper remove-before\">\n\t\t\t<div class=\"select-caret-down-wrapper\">\n\t\t\t\t<i aria-hidden=\"true\" class=\"eicon-caret-down\"><\/i>\t\t\t<\/div>\n\t\t\t<select name=\"form_fields[prodotto]\" id=\"form-field-prodotto\" class=\"elementor-field-textual elementor-size-md\">\n\t\t\t\t\t\t\t\t\t<option value=\"No\">No<\/option>\n\t\t\t\t\t\t\t\t\t<option value=\"REFINER\">REFINER<\/option>\n\t\t\t\t\t\t\t\t\t<option value=\"REFINER AG\">REFINER AG<\/option>\n\t\t\t\t\t\t\t\t\t<option value=\"REFINER SLIM\">REFINER SLIM<\/option>\n\t\t\t\t\t\t\t\t\t<option value=\"FIBER\">FIBER<\/option>\n\t\t\t\t\t\t\t\t\t<option value=\"FIBER PLUS\">FIBER PLUS<\/option>\n\t\t\t\t\t\t\t\t\t<option value=\"BASIC\">BASIC<\/option>\n\t\t\t\t\t\t\t\t\t<option value=\"BASIC AG\">BASIC AG<\/option>\n\t\t\t\t\t\t\t\t\t<option value=\"TECHNO AS\">TECHNO AS<\/option>\n\t\t\t\t\t\t\t\t\t<option value=\"TECHNO FE\">TECHNO FE<\/option>\n\t\t\t\t\t\t\t\t\t<option value=\"TECHNO MN\">TECHNO MN<\/option>\n\t\t\t\t\t\t\t\t\t<option value=\"TECHNO NT\">TECHNO NT<\/option>\n\t\t\t\t\t\t\t\t\t<option value=\"TECHNO PF\">TECHNO PF<\/option>\n\t\t\t\t\t\t\t\t\t<option value=\"TECHNO RPF\">TECHNO RPF<\/option>\n\t\t\t\t\t\t\t\t\t<option value=\"TECHNO SI\">TECHNO SI<\/option>\n\t\t\t\t\t\t\t<\/select>\n\t\t<\/div>\n\t\t\t\t\t\t<\/div>\n\t\t\t\t\t\t\t\t<div class=\"elementor-field-type-textarea elementor-field-group elementor-column elementor-field-group-messaggio elementor-col-100\">\n\t\t\t\t\t\t\t\t\t\t\t\t<label for=\"form-field-messaggio\" class=\"elementor-field-label\">\n\t\t\t\t\t\t\t\tMessage\t\t\t\t\t\t\t<\/label>\n\t\t\t\t\t\t<textarea class=\"elementor-field-textual elementor-field  elementor-size-md\" name=\"form_fields[messaggio]\" id=\"form-field-messaggio\" rows=\"4\"><\/textarea>\t\t\t\t<\/div>\n\t\t\t\t\t\t\t\t<div class=\"elementor-field-type-recaptcha elementor-field-group elementor-column elementor-field-group-field_08b0425 elementor-col-100\">\n\t\t\t\t\t<div class=\"elementor-field\" id=\"form-field-field_08b0425\"><div class=\"elementor-g-recaptcha\" data-sitekey=\"6LcIuqgqAAAAAFJQBbGB73YWKghMFYi793dan0m6\" data-type=\"v2_checkbox\" data-theme=\"light\" data-size=\"normal\"><\/div><\/div>\t\t\t\t<\/div>\n\t\t\t\t\t\t\t\t<div class=\"elementor-field-group elementor-column elementor-field-type-submit elementor-col-100 e-form__buttons\">\n\t\t\t\t\t<button class=\"elementor-button elementor-size-md\" type=\"submit\">\n\t\t\t\t\t\t<span class=\"elementor-button-content-wrapper\">\n\t\t\t\t\t\t\t\t\t\t\t\t\t\t\t\t\t\t\t\t\t\t<span class=\"elementor-button-text\">SEND<\/span>\n\t\t\t\t\t\t\t\t\t\t\t\t\t<\/span>\n\t\t\t\t\t<\/button>\n\t\t\t\t<\/div>\n\t\t\t<\/div>\n\t\t<input type=\"hidden\" name=\"trp-form-language\" value=\"en\"\/><\/form>\n\t\t\t\t\t\t<\/div>\n\t\t\t\t<\/div>\n\t\t\t\t<div class=\"elementor-element elementor-element-8bd9bb5 elementor-widget elementor-widget-spacer\" data-id=\"8bd9bb5\" data-element_type=\"widget\" data-e-type=\"widget\" data-widget_type=\"spacer.default\">\n\t\t\t\t<div class=\"elementor-widget-container\">\n\t\t\t\t\t\t\t<div class=\"elementor-spacer\">\n\t\t\t<div class=\"elementor-spacer-inner\"><\/div>\n\t\t<\/div>\n\t\t\t\t\t\t<\/div>\n\t\t\t\t<\/div>\n\t\t\t\t\t<\/div>\n\t\t<\/div>\n\t\t\t\t\t<\/div>\n\t\t<\/section>\n\t\t\t\t<\/div>","protected":false},"excerpt":{"rendered":"<p>Indirizzo Via Lidi Ferraresi, 22\/A-B 44027 Loc. Migliarino &#8211; Fiscaglia (FE) Italy Telefono +39 0533 539977 Email info@watercarefilters.it Orari Luned\u00ec &#8211; Venerd\u00ec 8:00 &#8211; 16:30 Domande? Scrivici Compila il form sottostante per ricevere informazioni. Sar\u00e0 nostra cura contattarti il prima possibile!<\/p>","protected":false},"author":1,"featured_media":0,"parent":0,"menu_order":0,"comment_status":"closed","ping_status":"closed","template":"page-templates\/full-width.php","meta":{"footnotes":""},"class_list":["post-13611","page","type-page","status-publish","hentry"],"_links":{"self":[{"href":"https:\/\/watercarefilters.it\/en\/wp-json\/wp\/v2\/pages\/13611","targetHints":{"allow":["GET"]}}],"collection":[{"href":"https:\/\/watercarefilters.it\/en\/wp-json\/wp\/v2\/pages"}],"about":[{"href":"https:\/\/watercarefilters.it\/en\/wp-json\/wp\/v2\/types\/page"}],"author":[{"embeddable":true,"href":"https:\/\/watercarefilters.it\/en\/wp-json\/wp\/v2\/users\/1"}],"replies":[{"embeddable":true,"href":"https:\/\/watercarefilters.it\/en\/wp-json\/wp\/v2\/comments?post=13611"}],"version-history":[{"count":15,"href":"https:\/\/watercarefilters.it\/en\/wp-json\/wp\/v2\/pages\/13611\/revisions"}],"predecessor-version":[{"id":23687,"href":"https:\/\/watercarefilters.it\/en\/wp-json\/wp\/v2\/pages\/13611\/revisions\/23687"}],"wp:attachment":[{"href":"https:\/\/watercarefilters.it\/en\/wp-json\/wp\/v2\/media?parent=13611"}],"curies":[{"name":"wp","href":"https:\/\/api.w.org\/{rel}","templated":true}]}}